{"id":13,"date":"2025-12-01T08:43:06","date_gmt":"2025-12-01T08:43:06","guid":{"rendered":"https:\/\/tiendamarta.rkinformatika.online\/?page_id=13"},"modified":"2025-12-10T08:42:12","modified_gmt":"2025-12-10T08:42:12","slug":"productos","status":"publish","type":"page","link":"https:\/\/tiendamarta.com\/en\/productos\/","title":{"rendered":"Products"},"content":{"rendered":"\t\t<div data-elementor-type=\"wp-page\" data-elementor-id=\"13\" class=\"elementor elementor-13\" data-elementor-post-type=\"page\">\n\t\t\t\t<div class=\"elementor-element elementor-element-92df520 e-con-full e-flex e-con e-parent\" data-id=\"92df520\" data-element_type=\"container\" data-e-type=\"container\" data-settings=\"{&quot;background_background&quot;:&quot;classic&quot;,&quot;background_motion_fx_motion_fx_scrolling&quot;:&quot;yes&quot;,&quot;background_motion_fx_translateY_effect&quot;:&quot;yes&quot;,&quot;background_motion_fx_translateY_direction&quot;:&quot;negative&quot;,&quot;background_motion_fx_translateY_affectedRange&quot;:{&quot;unit&quot;:&quot;%&quot;,&quot;size&quot;:&quot;&quot;,&quot;sizes&quot;:{&quot;start&quot;:43,&quot;end&quot;:100}},&quot;background_motion_fx_blur_effect&quot;:&quot;yes&quot;,&quot;background_motion_fx_blur_level&quot;:{&quot;unit&quot;:&quot;px&quot;,&quot;size&quot;:3,&quot;sizes&quot;:[]},&quot;background_motion_fx_blur_range&quot;:{&quot;unit&quot;:&quot;%&quot;,&quot;size&quot;:&quot;&quot;,&quot;sizes&quot;:{&quot;start&quot;:47,&quot;end&quot;:100}},&quot;background_motion_fx_translateY_speed&quot;:{&quot;unit&quot;:&quot;px&quot;,&quot;size&quot;:4,&quot;sizes&quot;:[]},&quot;background_motion_fx_blur_direction&quot;:&quot;out-in&quot;,&quot;background_motion_fx_devices&quot;:[&quot;desktop&quot;,&quot;tablet&quot;,&quot;mobile&quot;]}\">\n\t\t\t\t<div class=\"elementor-element elementor-element-484719f animated-slow elementor-invisible elementor-widget elementor-widget-heading\" data-id=\"484719f\" data-element_type=\"widget\" data-e-type=\"widget\" data-settings=\"{&quot;_animation_tablet&quot;:&quot;fadeInUp&quot;,&quot;_animation_mobile&quot;:&quot;fadeInUp&quot;,&quot;_animation&quot;:&quot;fadeInUp&quot;}\" data-widget_type=\"heading.default\">\n\t\t\t\t\t<h2 class=\"elementor-heading-title elementor-size-default\">Descubre nuestra colecci\u00f3n: moda, comodidad y tradici\u00f3n en cada prenda.<\/h2>\t\t\t\t<\/div>\n\t\t\t\t<\/div>\n\t\t<div class=\"elementor-element elementor-element-7837767 e-flex e-con-boxed e-con e-parent\" data-id=\"7837767\" data-element_type=\"container\" data-e-type=\"container\">\n\t\t\t\t\t<div class=\"e-con-inner\">\n\t\t<div class=\"elementor-element elementor-element-8bbdfc1 e-con-full e-flex elementor-invisible e-con e-child\" data-id=\"8bbdfc1\" data-element_type=\"container\" data-e-type=\"container\" data-settings=\"{&quot;animation&quot;:&quot;fadeInUp&quot;}\">\n\t\t\t\t<div class=\"elementor-element elementor-element-9001fac elementor-widget elementor-widget-image\" data-id=\"9001fac\" data-element_type=\"widget\" data-e-type=\"widget\" data-widget_type=\"image.default\">\n\t\t\t\t\t\t\t\t\t\t\t\t\t\t\t<img fetchpriority=\"high\" decoding=\"async\" width=\"443\" height=\"600\" src=\"https:\/\/tiendamarta.com\/wp-content\/uploads\/2025\/12\/2.png\" class=\"attachment-large size-large wp-image-164\" alt=\"\" srcset=\"https:\/\/tiendamarta.com\/wp-content\/uploads\/2025\/12\/2.png 443w, https:\/\/tiendamarta.com\/wp-content\/uploads\/2025\/12\/2-222x300.png 222w, https:\/\/tiendamarta.com\/wp-content\/uploads\/2025\/12\/2-9x12.png 9w\" sizes=\"(max-width: 443px) 100vw, 443px\" \/>\t\t\t\t\t\t\t\t\t\t\t\t\t\t\t<\/div>\n\t\t\t\t<div class=\"elementor-element elementor-element-bb9a134 elementor-widget elementor-widget-heading\" data-id=\"bb9a134\" data-element_type=\"widget\" data-e-type=\"widget\" data-widget_type=\"heading.default\">\n\t\t\t\t\t<h2 class=\"elementor-heading-title elementor-size-default\">Moda de Se\u00f1ora<\/h2>\t\t\t\t<\/div>\n\t\t\t\t<div class=\"elementor-element elementor-element-365b363 elementor-widget elementor-widget-text-editor\" data-id=\"365b363\" data-element_type=\"widget\" data-e-type=\"widget\" data-widget_type=\"text-editor.default\">\n\t\t\t\t\t\t\t\t\t<ul><li data-start=\"119\" data-end=\"214\">Ropa casual: blusas, camisas, camisetas, faldas, pantalones y vestidos para el d\u00eda a d\u00eda.<\/li><li data-start=\"119\" data-end=\"214\">Moda elegante: prendas m\u00e1s formales para ocasiones especiales, como vestidos, conjuntos y abrigos.<\/li><li data-start=\"119\" data-end=\"214\">Ropa de temporada: moda de oto\u00f1o\/invierno y primavera\/verano, incluyendo punto, chaquetas ligeras y prendas frescas.<\/li><\/ul>\t\t\t\t\t\t\t\t<\/div>\n\t\t\t\t<\/div>\n\t\t<div class=\"elementor-element elementor-element-e70bb2d e-con-full e-flex elementor-invisible e-con e-child\" data-id=\"e70bb2d\" data-element_type=\"container\" data-e-type=\"container\" data-settings=\"{&quot;animation&quot;:&quot;fadeInUp&quot;}\">\n\t\t\t\t<div class=\"elementor-element elementor-element-b99b5ed elementor-widget elementor-widget-image\" data-id=\"b99b5ed\" data-element_type=\"widget\" data-e-type=\"widget\" data-widget_type=\"image.default\">\n\t\t\t\t\t\t\t\t\t\t\t\t\t\t\t<img decoding=\"async\" width=\"443\" height=\"600\" src=\"https:\/\/tiendamarta.com\/wp-content\/uploads\/2025\/12\/3.png\" class=\"attachment-full size-full wp-image-165\" alt=\"\" srcset=\"https:\/\/tiendamarta.com\/wp-content\/uploads\/2025\/12\/3.png 443w, https:\/\/tiendamarta.com\/wp-content\/uploads\/2025\/12\/3-222x300.png 222w, https:\/\/tiendamarta.com\/wp-content\/uploads\/2025\/12\/3-9x12.png 9w\" sizes=\"(max-width: 443px) 100vw, 443px\" \/>\t\t\t\t\t\t\t\t\t\t\t\t\t\t\t<\/div>\n\t\t\t\t<div class=\"elementor-element elementor-element-b49b13d elementor-widget elementor-widget-heading\" data-id=\"b49b13d\" data-element_type=\"widget\" data-e-type=\"widget\" data-widget_type=\"heading.default\">\n\t\t\t\t\t<h2 class=\"elementor-heading-title elementor-size-default\">Complementos<\/h2>\t\t\t\t<\/div>\n\t\t\t\t<div class=\"elementor-element elementor-element-f868a1e elementor-widget elementor-widget-text-editor\" data-id=\"f868a1e\" data-element_type=\"widget\" data-e-type=\"widget\" data-widget_type=\"text-editor.default\">\n\t\t\t\t\t\t\t\t\t<ul><li data-start=\"474\" data-end=\"498\">Pa\u00f1uelos y fulares<\/li><li data-start=\"474\" data-end=\"498\">Bolsos y carteras<\/li><li data-start=\"474\" data-end=\"498\">Cinturones<\/li><li data-start=\"474\" data-end=\"498\">Sombreros, boinas y accesorios para el cabello<\/li><li data-start=\"474\" data-end=\"498\">Bisuter\u00eda: collares, pendientes y pulseras<\/li><\/ul>\t\t\t\t\t\t\t\t<\/div>\n\t\t\t\t<\/div>\n\t\t<div class=\"elementor-element elementor-element-3639a4f e-con-full e-flex elementor-invisible e-con e-child\" data-id=\"3639a4f\" data-element_type=\"container\" data-e-type=\"container\" data-settings=\"{&quot;animation&quot;:&quot;fadeInUp&quot;}\">\n\t\t\t\t<div class=\"elementor-element elementor-element-b40542f elementor-widget elementor-widget-image\" data-id=\"b40542f\" data-element_type=\"widget\" data-e-type=\"widget\" data-widget_type=\"image.default\">\n\t\t\t\t\t\t\t\t\t\t\t\t\t\t\t<img decoding=\"async\" width=\"443\" height=\"600\" src=\"https:\/\/tiendamarta.com\/wp-content\/uploads\/2025\/12\/5.png\" class=\"attachment-full size-full wp-image-167\" alt=\"\" srcset=\"https:\/\/tiendamarta.com\/wp-content\/uploads\/2025\/12\/5.png 443w, https:\/\/tiendamarta.com\/wp-content\/uploads\/2025\/12\/5-222x300.png 222w, https:\/\/tiendamarta.com\/wp-content\/uploads\/2025\/12\/5-9x12.png 9w\" sizes=\"(max-width: 443px) 100vw, 443px\" \/>\t\t\t\t\t\t\t\t\t\t\t\t\t\t\t<\/div>\n\t\t\t\t<div class=\"elementor-element elementor-element-58b413b elementor-widget elementor-widget-heading\" data-id=\"58b413b\" data-element_type=\"widget\" data-e-type=\"widget\" data-widget_type=\"heading.default\">\n\t\t\t\t\t<h2 class=\"elementor-heading-title elementor-size-default\">Ropa Interior<\/h2>\t\t\t\t<\/div>\n\t\t\t\t<div class=\"elementor-element elementor-element-944032f elementor-widget elementor-widget-text-editor\" data-id=\"944032f\" data-element_type=\"widget\" data-e-type=\"widget\" data-widget_type=\"text-editor.default\">\n\t\t\t\t\t\t\t\t\t<ul><li data-start=\"691\" data-end=\"766\">Sujetadores de distintos modelos (confort, diario, encaje, refuerzo).<\/li><li data-start=\"691\" data-end=\"766\">Braguitas y conjuntos completos.<\/li><li data-start=\"691\" data-end=\"766\">Prendas moldeadoras y de sujeci\u00f3n.<\/li><li data-start=\"691\" data-end=\"766\">Camisetas interiores, tops y bodies.<\/li><\/ul><h3 data-start=\"895\" data-end=\"920\">\u00a0<\/h3>\t\t\t\t\t\t\t\t<\/div>\n\t\t\t\t<\/div>\n\t\t\t\t\t<\/div>\n\t\t\t\t<\/div>\n\t\t<div class=\"elementor-element elementor-element-6d7068a e-flex e-con-boxed e-con e-parent\" data-id=\"6d7068a\" data-element_type=\"container\" data-e-type=\"container\">\n\t\t\t\t\t<div class=\"e-con-inner\">\n\t\t<div class=\"elementor-element elementor-element-40691e1 e-con-full e-flex elementor-invisible e-con e-child\" data-id=\"40691e1\" data-element_type=\"container\" data-e-type=\"container\" data-settings=\"{&quot;animation&quot;:&quot;fadeInUp&quot;}\">\n\t\t\t\t<div class=\"elementor-element elementor-element-07a4fc5 elementor-widget elementor-widget-image\" data-id=\"07a4fc5\" data-element_type=\"widget\" data-e-type=\"widget\" data-widget_type=\"image.default\">\n\t\t\t\t\t\t\t\t\t\t\t\t\t\t\t<img loading=\"lazy\" decoding=\"async\" width=\"443\" height=\"600\" src=\"https:\/\/tiendamarta.com\/wp-content\/uploads\/2025\/12\/4.png\" class=\"attachment-large size-large wp-image-166\" alt=\"\" srcset=\"https:\/\/tiendamarta.com\/wp-content\/uploads\/2025\/12\/4.png 443w, https:\/\/tiendamarta.com\/wp-content\/uploads\/2025\/12\/4-222x300.png 222w, https:\/\/tiendamarta.com\/wp-content\/uploads\/2025\/12\/4-9x12.png 9w\" sizes=\"(max-width: 443px) 100vw, 443px\" \/>\t\t\t\t\t\t\t\t\t\t\t\t\t\t\t<\/div>\n\t\t\t\t<div class=\"elementor-element elementor-element-8f1a179 elementor-widget elementor-widget-heading\" data-id=\"8f1a179\" data-element_type=\"widget\" data-e-type=\"widget\" data-widget_type=\"heading.default\">\n\t\t\t\t\t<h2 class=\"elementor-heading-title elementor-size-default\">Moda de Ba\u00f1o<\/h2>\t\t\t\t<\/div>\n\t\t\t\t<div class=\"elementor-element elementor-element-00a4891 elementor-widget elementor-widget-text-editor\" data-id=\"00a4891\" data-element_type=\"widget\" data-e-type=\"widget\" data-widget_type=\"text-editor.default\">\n\t\t\t\t\t\t\t\t\t<ul><li data-start=\"923\" data-end=\"976\">Bikinis con diferentes estilos y combinaciones.<\/li><li data-start=\"923\" data-end=\"976\">Ba\u00f1adores para todos los gustos y necesidades.<\/li><li data-start=\"923\" data-end=\"976\">Salidas de playa, caftanes y accesorios de ba\u00f1o.<\/li><li data-start=\"923\" data-end=\"976\">Prendas de ba\u00f1o funcionales, pensadas para mayor sujeci\u00f3n o comodidad.<\/li><\/ul>\t\t\t\t\t\t\t\t<\/div>\n\t\t\t\t<\/div>\n\t\t<div class=\"elementor-element elementor-element-2390af5 e-con-full e-flex elementor-invisible e-con e-child\" data-id=\"2390af5\" data-element_type=\"container\" data-e-type=\"container\" data-settings=\"{&quot;animation&quot;:&quot;fadeInUp&quot;}\">\n\t\t\t\t<div class=\"elementor-element elementor-element-3e6f043 elementor-widget elementor-widget-image\" data-id=\"3e6f043\" data-element_type=\"widget\" data-e-type=\"widget\" data-widget_type=\"image.default\">\n\t\t\t\t\t\t\t\t\t\t\t\t\t\t\t<img loading=\"lazy\" decoding=\"async\" width=\"443\" height=\"600\" src=\"https:\/\/tiendamarta.com\/wp-content\/uploads\/2025\/12\/1.png\" class=\"attachment-full size-full wp-image-163\" alt=\"\" srcset=\"https:\/\/tiendamarta.com\/wp-content\/uploads\/2025\/12\/1.png 443w, https:\/\/tiendamarta.com\/wp-content\/uploads\/2025\/12\/1-222x300.png 222w, https:\/\/tiendamarta.com\/wp-content\/uploads\/2025\/12\/1-9x12.png 9w\" sizes=\"(max-width: 443px) 100vw, 443px\" \/>\t\t\t\t\t\t\t\t\t\t\t\t\t\t\t<\/div>\n\t\t\t\t<div class=\"elementor-element elementor-element-3024a45 elementor-widget elementor-widget-heading\" data-id=\"3024a45\" data-element_type=\"widget\" data-e-type=\"widget\" data-widget_type=\"heading.default\">\n\t\t\t\t\t<h2 class=\"elementor-heading-title elementor-size-default\">Pijamas y Ropa de Casa<\/h2>\t\t\t\t<\/div>\n\t\t\t\t<div class=\"elementor-element elementor-element-e05ad3d elementor-widget elementor-widget-text-editor\" data-id=\"e05ad3d\" data-element_type=\"widget\" data-e-type=\"widget\" data-widget_type=\"text-editor.default\">\n\t\t\t\t\t\t\t\t\t<ul><li data-start=\"1205\" data-end=\"1240\">Pijamas de verano e invierno.<\/li><li data-start=\"1205\" data-end=\"1240\">Camisones y batas.<\/li><li data-start=\"1205\" data-end=\"1240\">Conjuntos c\u00f3modos para estar en casa, en algod\u00f3n, punto o tejidos c\u00e1lidos.<\/li><\/ul>\t\t\t\t\t\t\t\t<\/div>\n\t\t\t\t<\/div>\n\t\t<div class=\"elementor-element elementor-element-92bfd08 e-con-full e-flex elementor-invisible e-con e-child\" data-id=\"92bfd08\" data-element_type=\"container\" data-e-type=\"container\" data-settings=\"{&quot;animation&quot;:&quot;fadeInUp&quot;}\">\n\t\t\t\t<div class=\"elementor-element elementor-element-47ff786 elementor-widget elementor-widget-image\" data-id=\"47ff786\" data-element_type=\"widget\" data-e-type=\"widget\" data-widget_type=\"image.default\">\n\t\t\t\t\t\t\t\t\t\t\t\t\t\t\t<img loading=\"lazy\" decoding=\"async\" width=\"443\" height=\"600\" src=\"https:\/\/tiendamarta.com\/wp-content\/uploads\/2025\/12\/6.png\" class=\"attachment-large size-large wp-image-168\" alt=\"\" srcset=\"https:\/\/tiendamarta.com\/wp-content\/uploads\/2025\/12\/6.png 443w, https:\/\/tiendamarta.com\/wp-content\/uploads\/2025\/12\/6-222x300.png 222w, https:\/\/tiendamarta.com\/wp-content\/uploads\/2025\/12\/6-9x12.png 9w\" sizes=\"(max-width: 443px) 100vw, 443px\" \/>\t\t\t\t\t\t\t\t\t\t\t\t\t\t\t<\/div>\n\t\t\t\t<div class=\"elementor-element elementor-element-099eb7b elementor-widget elementor-widget-heading\" data-id=\"099eb7b\" data-element_type=\"widget\" data-e-type=\"widget\" data-widget_type=\"heading.default\">\n\t\t\t\t\t<h2 class=\"elementor-heading-title elementor-size-default\">Trajes Regionales<\/h2>\t\t\t\t<\/div>\n\t\t\t\t<div class=\"elementor-element elementor-element-a718b1d elementor-widget elementor-widget-text-editor\" data-id=\"a718b1d\" data-element_type=\"widget\" data-e-type=\"widget\" data-widget_type=\"text-editor.default\">\n\t\t\t\t\t\t\t\t\t<ul><li data-start=\"1383\" data-end=\"1420\">Trajes tradicionales completos.<\/li><li data-start=\"1383\" data-end=\"1420\">Faldas, blusas, chalecos y delantales t\u00edpicos.<\/li><li data-start=\"1383\" data-end=\"1420\">Pa\u00f1uelos, mantones y accesorios regionales.<\/li><li data-start=\"1383\" data-end=\"1420\">Prendas elaboradas con tejidos y detalles tradicionales, respetando la artesan\u00eda local.<\/li><\/ul>\t\t\t\t\t\t\t\t<\/div>\n\t\t\t\t<\/div>\n\t\t\t\t\t<\/div>\n\t\t\t\t<\/div>\n\t\t<div class=\"elementor-element elementor-element-04cff5e e-flex e-con-boxed e-con e-parent\" data-id=\"04cff5e\" data-element_type=\"container\" data-e-type=\"container\" data-settings=\"{&quot;background_background&quot;:&quot;classic&quot;}\">\n\t\t\t\t\t<div class=\"e-con-inner\">\n\t\t\t\t<div class=\"elementor-element elementor-element-210f333 animated-slow elementor-invisible elementor-widget elementor-widget-heading\" data-id=\"210f333\" data-element_type=\"widget\" data-e-type=\"widget\" data-settings=\"{&quot;_animation&quot;:&quot;fadeInUp&quot;,&quot;_animation_tablet&quot;:&quot;fadeInUp&quot;,&quot;_animation_mobile&quot;:&quot;fadeInUp&quot;}\" data-widget_type=\"heading.default\">\n\t\t\t\t\t<h2 class=\"elementor-heading-title elementor-size-default\">Tu confianza nos inspira a ofrecerte lo mejor en moda y tradici\u00f3n.<\/h2>\t\t\t\t<\/div>\n\t\t\t\t<div class=\"elementor-element elementor-element-d19601e elementor-widget elementor-widget-button\" data-id=\"d19601e\" data-element_type=\"widget\" data-e-type=\"widget\" data-widget_type=\"button.default\">\n\t\t\t\t\t\t\t\t\t\t<a class=\"elementor-button elementor-button-link elementor-size-sm\" href=\"https:\/\/tiendamarta.com\/index.php\/contactos\/\">\n\t\t\t\t\t\t<span class=\"elementor-button-content-wrapper\">\n\t\t\t\t\t\t\t\t\t<span class=\"elementor-button-text\">CONTACTO<\/span>\n\t\t\t\t\t<\/span>\n\t\t\t\t\t<\/a>\n\t\t\t\t\t\t\t\t<\/div>\n\t\t\t\t\t<\/div>\n\t\t\t\t<\/div>\n\t\t\t\t<\/div>\n\t\t","protected":false},"excerpt":{"rendered":"<p>Descubre nuestra colecci\u00f3n: moda, comodidad y tradici\u00f3n en cada prenda. Moda de Se\u00f1ora Ropa casual: blusas, camisas, camisetas, faldas, pantalones y vestidos para el d\u00eda a d\u00eda. Moda elegante: prendas m\u00e1s formales para ocasiones especiales, como vestidos, conjuntos y abrigos. Ropa de temporada: moda de oto\u00f1o\/invierno y primavera\/verano, incluyendo punto, chaquetas ligeras y prendas frescas. [&hellip;]<\/p>\n","protected":false},"author":1,"featured_media":0,"parent":0,"menu_order":0,"comment_status":"closed","ping_status":"closed","template":"elementor_canvas","meta":{"footnotes":""},"class_list":["post-13","page","type-page","status-publish","hentry"],"yoast_head":"<!-- This site is optimized with the Yoast SEO plugin v27.3 - https:\/\/yoast.com\/product\/yoast-seo-wordpress\/ -->\n<title>Productos - tiendamarta<\/title>\n<meta name=\"robots\" content=\"index, follow, max-snippet:-1, max-image-preview:large, max-video-preview:-1\" \/>\n<link rel=\"canonical\" href=\"https:\/\/tiendamarta.com\/en\/productos\/\" \/>\n<meta property=\"og:locale\" content=\"en_GB\" \/>\n<meta property=\"og:type\" content=\"article\" \/>\n<meta property=\"og:title\" content=\"Productos - tiendamarta\" \/>\n<meta property=\"og:description\" content=\"Descubre nuestra colecci\u00f3n: moda, comodidad y tradici\u00f3n en cada prenda. Moda de Se\u00f1ora Ropa casual: blusas, camisas, camisetas, faldas, pantalones y vestidos para el d\u00eda a d\u00eda. Moda elegante: prendas m\u00e1s formales para ocasiones especiales, como vestidos, conjuntos y abrigos. Ropa de temporada: moda de oto\u00f1o\/invierno y primavera\/verano, incluyendo punto, chaquetas ligeras y prendas frescas. [&hellip;]\" \/>\n<meta property=\"og:url\" content=\"https:\/\/tiendamarta.com\/en\/productos\/\" \/>\n<meta property=\"og:site_name\" content=\"tiendamarta\" \/>\n<meta property=\"article:modified_time\" content=\"2025-12-10T08:42:12+00:00\" \/>\n<meta property=\"og:image\" content=\"https:\/\/tiendamarta.com\/wp-content\/uploads\/2025\/12\/2.png\" \/>\n\t<meta property=\"og:image:width\" content=\"443\" \/>\n\t<meta property=\"og:image:height\" content=\"600\" \/>\n\t<meta property=\"og:image:type\" content=\"image\/png\" \/>\n<meta name=\"twitter:card\" content=\"summary_large_image\" \/>\n<meta name=\"twitter:label1\" content=\"Estimated reading time\" \/>\n\t<meta name=\"twitter:data1\" content=\"1 minute\" \/>\n<script type=\"application\/ld+json\" class=\"yoast-schema-graph\">{\"@context\":\"https:\\\/\\\/schema.org\",\"@graph\":[{\"@type\":\"WebPage\",\"@id\":\"https:\\\/\\\/tiendamarta.com\\\/productos\\\/\",\"url\":\"https:\\\/\\\/tiendamarta.com\\\/productos\\\/\",\"name\":\"Productos - tiendamarta\",\"isPartOf\":{\"@id\":\"https:\\\/\\\/tiendamarta.com\\\/#website\"},\"primaryImageOfPage\":{\"@id\":\"https:\\\/\\\/tiendamarta.com\\\/productos\\\/#primaryimage\"},\"image\":{\"@id\":\"https:\\\/\\\/tiendamarta.com\\\/productos\\\/#primaryimage\"},\"thumbnailUrl\":\"https:\\\/\\\/tiendamarta.com\\\/wp-content\\\/uploads\\\/2025\\\/12\\\/2.png\",\"datePublished\":\"2025-12-01T08:43:06+00:00\",\"dateModified\":\"2025-12-10T08:42:12+00:00\",\"breadcrumb\":{\"@id\":\"https:\\\/\\\/tiendamarta.com\\\/productos\\\/#breadcrumb\"},\"inLanguage\":\"en-GB\",\"potentialAction\":[{\"@type\":\"ReadAction\",\"target\":[\"https:\\\/\\\/tiendamarta.com\\\/productos\\\/\"]}]},{\"@type\":\"ImageObject\",\"inLanguage\":\"en-GB\",\"@id\":\"https:\\\/\\\/tiendamarta.com\\\/productos\\\/#primaryimage\",\"url\":\"https:\\\/\\\/tiendamarta.com\\\/wp-content\\\/uploads\\\/2025\\\/12\\\/2.png\",\"contentUrl\":\"https:\\\/\\\/tiendamarta.com\\\/wp-content\\\/uploads\\\/2025\\\/12\\\/2.png\"},{\"@type\":\"BreadcrumbList\",\"@id\":\"https:\\\/\\\/tiendamarta.com\\\/productos\\\/#breadcrumb\",\"itemListElement\":[{\"@type\":\"ListItem\",\"position\":1,\"name\":\"Portada\",\"item\":\"https:\\\/\\\/tiendamarta.com\\\/\"},{\"@type\":\"ListItem\",\"position\":2,\"name\":\"Productos\"}]},{\"@type\":\"WebSite\",\"@id\":\"https:\\\/\\\/tiendamarta.com\\\/#website\",\"url\":\"https:\\\/\\\/tiendamarta.com\\\/\",\"name\":\"tiendamarta\",\"description\":\"tienda de ropas\",\"publisher\":{\"@id\":\"https:\\\/\\\/tiendamarta.com\\\/#organization\"},\"potentialAction\":[{\"@type\":\"SearchAction\",\"target\":{\"@type\":\"EntryPoint\",\"urlTemplate\":\"https:\\\/\\\/tiendamarta.com\\\/?s={search_term_string}\"},\"query-input\":{\"@type\":\"PropertyValueSpecification\",\"valueRequired\":true,\"valueName\":\"search_term_string\"}}],\"inLanguage\":\"en-GB\"},{\"@type\":\"Organization\",\"@id\":\"https:\\\/\\\/tiendamarta.com\\\/#organization\",\"name\":\"tiendamarta\",\"url\":\"https:\\\/\\\/tiendamarta.com\\\/\",\"logo\":{\"@type\":\"ImageObject\",\"inLanguage\":\"en-GB\",\"@id\":\"https:\\\/\\\/tiendamarta.com\\\/#\\\/schema\\\/logo\\\/image\\\/\",\"url\":\"https:\\\/\\\/tiendamarta.com\\\/wp-content\\\/uploads\\\/2025\\\/12\\\/cropped-martaylolacb_logoarriba.jpg\",\"contentUrl\":\"https:\\\/\\\/tiendamarta.com\\\/wp-content\\\/uploads\\\/2025\\\/12\\\/cropped-martaylolacb_logoarriba.jpg\",\"width\":346,\"height\":99,\"caption\":\"tiendamarta\"},\"image\":{\"@id\":\"https:\\\/\\\/tiendamarta.com\\\/#\\\/schema\\\/logo\\\/image\\\/\"}}]}<\/script>\n<!-- \/ Yoast SEO plugin. -->","yoast_head_json":{"title":"Productos - tiendamarta","robots":{"index":"index","follow":"follow","max-snippet":"max-snippet:-1","max-image-preview":"max-image-preview:large","max-video-preview":"max-video-preview:-1"},"canonical":"https:\/\/tiendamarta.com\/en\/productos\/","og_locale":"en_GB","og_type":"article","og_title":"Productos - tiendamarta","og_description":"Descubre nuestra colecci\u00f3n: moda, comodidad y tradici\u00f3n en cada prenda. Moda de Se\u00f1ora Ropa casual: blusas, camisas, camisetas, faldas, pantalones y vestidos para el d\u00eda a d\u00eda. Moda elegante: prendas m\u00e1s formales para ocasiones especiales, como vestidos, conjuntos y abrigos. Ropa de temporada: moda de oto\u00f1o\/invierno y primavera\/verano, incluyendo punto, chaquetas ligeras y prendas frescas. [&hellip;]","og_url":"https:\/\/tiendamarta.com\/en\/productos\/","og_site_name":"tiendamarta","article_modified_time":"2025-12-10T08:42:12+00:00","og_image":[{"width":443,"height":600,"url":"https:\/\/tiendamarta.com\/wp-content\/uploads\/2025\/12\/2.png","type":"image\/png"}],"twitter_card":"summary_large_image","twitter_misc":{"Estimated reading time":"1 minute"},"schema":{"@context":"https:\/\/schema.org","@graph":[{"@type":"WebPage","@id":"https:\/\/tiendamarta.com\/productos\/","url":"https:\/\/tiendamarta.com\/productos\/","name":"Productos - tiendamarta","isPartOf":{"@id":"https:\/\/tiendamarta.com\/#website"},"primaryImageOfPage":{"@id":"https:\/\/tiendamarta.com\/productos\/#primaryimage"},"image":{"@id":"https:\/\/tiendamarta.com\/productos\/#primaryimage"},"thumbnailUrl":"https:\/\/tiendamarta.com\/wp-content\/uploads\/2025\/12\/2.png","datePublished":"2025-12-01T08:43:06+00:00","dateModified":"2025-12-10T08:42:12+00:00","breadcrumb":{"@id":"https:\/\/tiendamarta.com\/productos\/#breadcrumb"},"inLanguage":"en-GB","potentialAction":[{"@type":"ReadAction","target":["https:\/\/tiendamarta.com\/productos\/"]}]},{"@type":"ImageObject","inLanguage":"en-GB","@id":"https:\/\/tiendamarta.com\/productos\/#primaryimage","url":"https:\/\/tiendamarta.com\/wp-content\/uploads\/2025\/12\/2.png","contentUrl":"https:\/\/tiendamarta.com\/wp-content\/uploads\/2025\/12\/2.png"},{"@type":"BreadcrumbList","@id":"https:\/\/tiendamarta.com\/productos\/#breadcrumb","itemListElement":[{"@type":"ListItem","position":1,"name":"Portada","item":"https:\/\/tiendamarta.com\/"},{"@type":"ListItem","position":2,"name":"Productos"}]},{"@type":"WebSite","@id":"https:\/\/tiendamarta.com\/#website","url":"https:\/\/tiendamarta.com\/","name":"tiendamarta","description":"tienda de ropas","publisher":{"@id":"https:\/\/tiendamarta.com\/#organization"},"potentialAction":[{"@type":"SearchAction","target":{"@type":"EntryPoint","urlTemplate":"https:\/\/tiendamarta.com\/?s={search_term_string}"},"query-input":{"@type":"PropertyValueSpecification","valueRequired":true,"valueName":"search_term_string"}}],"inLanguage":"en-GB"},{"@type":"Organization","@id":"https:\/\/tiendamarta.com\/#organization","name":"tiendamarta","url":"https:\/\/tiendamarta.com\/","logo":{"@type":"ImageObject","inLanguage":"en-GB","@id":"https:\/\/tiendamarta.com\/#\/schema\/logo\/image\/","url":"https:\/\/tiendamarta.com\/wp-content\/uploads\/2025\/12\/cropped-martaylolacb_logoarriba.jpg","contentUrl":"https:\/\/tiendamarta.com\/wp-content\/uploads\/2025\/12\/cropped-martaylolacb_logoarriba.jpg","width":346,"height":99,"caption":"tiendamarta"},"image":{"@id":"https:\/\/tiendamarta.com\/#\/schema\/logo\/image\/"}}]}},"_links":{"self":[{"href":"https:\/\/tiendamarta.com\/en\/wp-json\/wp\/v2\/pages\/13","targetHints":{"allow":["GET"]}}],"collection":[{"href":"https:\/\/tiendamarta.com\/en\/wp-json\/wp\/v2\/pages"}],"about":[{"href":"https:\/\/tiendamarta.com\/en\/wp-json\/wp\/v2\/types\/page"}],"author":[{"embeddable":true,"href":"https:\/\/tiendamarta.com\/en\/wp-json\/wp\/v2\/users\/1"}],"replies":[{"embeddable":true,"href":"https:\/\/tiendamarta.com\/en\/wp-json\/wp\/v2\/comments?post=13"}],"version-history":[{"count":38,"href":"https:\/\/tiendamarta.com\/en\/wp-json\/wp\/v2\/pages\/13\/revisions"}],"predecessor-version":[{"id":234,"href":"https:\/\/tiendamarta.com\/en\/wp-json\/wp\/v2\/pages\/13\/revisions\/234"}],"wp:attachment":[{"href":"https:\/\/tiendamarta.com\/en\/wp-json\/wp\/v2\/media?parent=13"}],"curies":[{"name":"wp","href":"https:\/\/api.w.org\/{rel}","templated":true}]}}