{"id":10,"date":"2025-12-01T08:41:56","date_gmt":"2025-12-01T08:41:56","guid":{"rendered":"https:\/\/tiendamarta.rkinformatika.online\/?page_id=10"},"modified":"2025-12-01T10:32:38","modified_gmt":"2025-12-01T10:32:38","slug":"inicio","status":"publish","type":"page","link":"https:\/\/tiendamarta.com\/en\/","title":{"rendered":"Start"},"content":{"rendered":"\t\t<div data-elementor-type=\"wp-page\" data-elementor-id=\"10\" class=\"elementor elementor-10\" data-elementor-post-type=\"page\">\n\t\t\t\t<div class=\"elementor-element elementor-element-569feb6 e-con-full e-flex e-con e-parent\" data-id=\"569feb6\" data-element_type=\"container\" data-e-type=\"container\" data-settings=\"{&quot;background_background&quot;:&quot;classic&quot;,&quot;background_motion_fx_motion_fx_scrolling&quot;:&quot;yes&quot;,&quot;background_motion_fx_translateY_effect&quot;:&quot;yes&quot;,&quot;background_motion_fx_translateY_direction&quot;:&quot;negative&quot;,&quot;background_motion_fx_translateY_affectedRange&quot;:{&quot;unit&quot;:&quot;%&quot;,&quot;size&quot;:&quot;&quot;,&quot;sizes&quot;:{&quot;start&quot;:43,&quot;end&quot;:100}},&quot;background_motion_fx_blur_effect&quot;:&quot;yes&quot;,&quot;background_motion_fx_blur_level&quot;:{&quot;unit&quot;:&quot;px&quot;,&quot;size&quot;:3,&quot;sizes&quot;:[]},&quot;background_motion_fx_blur_range&quot;:{&quot;unit&quot;:&quot;%&quot;,&quot;size&quot;:&quot;&quot;,&quot;sizes&quot;:{&quot;start&quot;:47,&quot;end&quot;:100}},&quot;background_motion_fx_translateY_speed&quot;:{&quot;unit&quot;:&quot;px&quot;,&quot;size&quot;:4,&quot;sizes&quot;:[]},&quot;background_motion_fx_blur_direction&quot;:&quot;out-in&quot;,&quot;background_motion_fx_devices&quot;:[&quot;desktop&quot;,&quot;tablet&quot;,&quot;mobile&quot;]}\">\n\t\t\t\t<div class=\"elementor-element elementor-element-2f8b2cd animated-slow elementor-invisible elementor-widget elementor-widget-heading\" data-id=\"2f8b2cd\" data-element_type=\"widget\" data-e-type=\"widget\" data-settings=\"{&quot;_animation_tablet&quot;:&quot;fadeInUp&quot;,&quot;_animation_mobile&quot;:&quot;fadeInUp&quot;,&quot;_animation&quot;:&quot;fadeInUp&quot;}\" data-widget_type=\"heading.default\">\n\t\t\t\t\t<h2 class=\"elementor-heading-title elementor-size-default\">Moda y tradici\u00f3n para cada momento de tu vida.<\/h2>\t\t\t\t<\/div>\n\t\t\t\t<\/div>\n\t\t<div class=\"elementor-element elementor-element-eec60bf e-flex e-con-boxed e-con e-parent\" data-id=\"eec60bf\" data-element_type=\"container\" data-e-type=\"container\">\n\t\t\t\t\t<div class=\"e-con-inner\">\n\t\t<div class=\"elementor-element elementor-element-b2ca281 e-con-full e-flex e-con e-child\" data-id=\"b2ca281\" data-element_type=\"container\" data-e-type=\"container\">\n\t\t\t\t<div class=\"elementor-element elementor-element-c562e73 elementor-widget elementor-widget-image\" data-id=\"c562e73\" data-element_type=\"widget\" data-e-type=\"widget\" data-widget_type=\"image.default\">\n\t\t\t\t\t\t\t\t\t\t\t\t\t\t\t<img fetchpriority=\"high\" decoding=\"async\" width=\"683\" height=\"1024\" src=\"https:\/\/tiendamarta.com\/wp-content\/uploads\/2025\/12\/IMG-20250921-WA0033-Marta-Menarguez-683x1024.jpg\" class=\"attachment-large size-large wp-image-77\" alt=\"\" srcset=\"https:\/\/tiendamarta.com\/wp-content\/uploads\/2025\/12\/IMG-20250921-WA0033-Marta-Menarguez-683x1024.jpg 683w, https:\/\/tiendamarta.com\/wp-content\/uploads\/2025\/12\/IMG-20250921-WA0033-Marta-Menarguez-200x300.jpg 200w, https:\/\/tiendamarta.com\/wp-content\/uploads\/2025\/12\/IMG-20250921-WA0033-Marta-Menarguez-768x1152.jpg 768w, https:\/\/tiendamarta.com\/wp-content\/uploads\/2025\/12\/IMG-20250921-WA0033-Marta-Menarguez-8x12.jpg 8w, https:\/\/tiendamarta.com\/wp-content\/uploads\/2025\/12\/IMG-20250921-WA0033-Marta-Menarguez.jpg 896w\" sizes=\"(max-width: 683px) 100vw, 683px\" \/>\t\t\t\t\t\t\t\t\t\t\t\t\t\t\t<\/div>\n\t\t\t\t<\/div>\n\t\t<div class=\"elementor-element elementor-element-0f406cf e-con-full e-flex e-con e-child\" data-id=\"0f406cf\" data-element_type=\"container\" data-e-type=\"container\">\n\t\t\t\t<div class=\"elementor-element elementor-element-3a72e5e elementor-widget elementor-widget-heading\" data-id=\"3a72e5e\" data-element_type=\"widget\" data-e-type=\"widget\" data-widget_type=\"heading.default\">\n\t\t\t\t\t<h2 class=\"elementor-heading-title elementor-size-default\">Sobre  Nosotros:<\/h2>\t\t\t\t<\/div>\n\t\t\t\t<div class=\"elementor-element elementor-element-f9577d9 elementor-widget elementor-widget-text-editor\" data-id=\"f9577d9\" data-element_type=\"widget\" data-e-type=\"widget\" data-widget_type=\"text-editor.default\">\n\t\t\t\t\t\t\t\t\t<p>Somos una tienda especializada en moda y complementos de se\u00f1ora, con una amplia selecci\u00f3n de prendas de ba\u00f1o, ropa interior y trajes regionales. Adem\u00e1s, ofrecemos una cuidada colecci\u00f3n de pijamas y art\u00edculos dise\u00f1ados para aportar comodidad y estilo en el d\u00eda a d\u00eda.<\/p><p><br \/>Nuestra tienda nace con la vocaci\u00f3n de ofrecer a las mujeres un espacio donde encontrar moda de calidad, prendas funcionales y estilos que se adaptan a cada ocasi\u00f3n. Con el tiempo, hemos ampliado nuestra oferta para incluir ropa interior, moda de ba\u00f1o, pijamas y una destacada l\u00ednea de trajes regionales, convirti\u00e9ndonos en un referente para quienes buscan tradici\u00f3n, comodidad y tendencia en un mismo lugar.<\/p>\t\t\t\t\t\t\t\t<\/div>\n\t\t\t\t<\/div>\n\t\t\t\t\t<\/div>\n\t\t\t\t<\/div>\n\t\t<div class=\"elementor-element elementor-element-55f8699 e-flex e-con-boxed e-con e-parent\" data-id=\"55f8699\" data-element_type=\"container\" data-e-type=\"container\" data-settings=\"{&quot;background_background&quot;:&quot;classic&quot;}\">\n\t\t\t\t\t<div class=\"e-con-inner\">\n\t\t\t\t<div class=\"elementor-element elementor-element-a296beb animated-slow elementor-invisible elementor-widget elementor-widget-heading\" data-id=\"a296beb\" data-element_type=\"widget\" data-e-type=\"widget\" data-settings=\"{&quot;_animation&quot;:&quot;fadeInUp&quot;,&quot;_animation_tablet&quot;:&quot;fadeInUp&quot;,&quot;_animation_mobile&quot;:&quot;fadeInUp&quot;}\" data-widget_type=\"heading.default\">\n\t\t\t\t\t<h2 class=\"elementor-heading-title elementor-size-default\">Tradici\u00f3n, moda y servicio\u2026 siempre a tu lado<\/h2>\t\t\t\t<\/div>\n\t\t\t\t<div class=\"elementor-element elementor-element-cbe08e7 elementor-invisible elementor-widget elementor-widget-button\" data-id=\"cbe08e7\" data-element_type=\"widget\" data-e-type=\"widget\" data-settings=\"{&quot;_animation&quot;:&quot;fadeInUp&quot;}\" data-widget_type=\"button.default\">\n\t\t\t\t\t\t\t\t\t\t<a class=\"elementor-button elementor-button-link elementor-size-sm\" href=\"https:\/\/tiendamarta.com\/index.php\/productos\/\">\n\t\t\t\t\t\t<span class=\"elementor-button-content-wrapper\">\n\t\t\t\t\t\t\t\t\t<span class=\"elementor-button-text\">PRODUCTOS<\/span>\n\t\t\t\t\t<\/span>\n\t\t\t\t\t<\/a>\n\t\t\t\t\t\t\t\t<\/div>\n\t\t\t\t\t<\/div>\n\t\t\t\t<\/div>\n\t\t\t\t<\/div>\n\t\t","protected":false},"excerpt":{"rendered":"<p>Moda y tradici\u00f3n para cada momento de tu vida. Sobre Nosotros: Somos una tienda especializada en moda y complementos de se\u00f1ora, con una amplia selecci\u00f3n de prendas de ba\u00f1o, ropa interior y trajes regionales. Adem\u00e1s, ofrecemos una cuidada colecci\u00f3n de pijamas y art\u00edculos dise\u00f1ados para aportar comodidad y estilo en el d\u00eda a d\u00eda. Nuestra [&hellip;]<\/p>\n","protected":false},"author":1,"featured_media":0,"parent":0,"menu_order":0,"comment_status":"closed","ping_status":"closed","template":"elementor_canvas","meta":{"footnotes":""},"class_list":["post-10","page","type-page","status-publish","hentry"],"yoast_head":"<!-- This site is optimized with the Yoast SEO plugin v27.3 - https:\/\/yoast.com\/product\/yoast-seo-wordpress\/ -->\n<title>Inicio - tiendamarta<\/title>\n<meta name=\"robots\" content=\"index, follow, max-snippet:-1, max-image-preview:large, max-video-preview:-1\" \/>\n<link rel=\"canonical\" href=\"https:\/\/tiendamarta.com\/en\/\" \/>\n<meta property=\"og:locale\" content=\"en_GB\" \/>\n<meta property=\"og:type\" content=\"article\" \/>\n<meta property=\"og:title\" content=\"Inicio - tiendamarta\" \/>\n<meta property=\"og:description\" content=\"Moda y tradici\u00f3n para cada momento de tu vida. Sobre Nosotros: Somos una tienda especializada en moda y complementos de se\u00f1ora, con una amplia selecci\u00f3n de prendas de ba\u00f1o, ropa interior y trajes regionales. Adem\u00e1s, ofrecemos una cuidada colecci\u00f3n de pijamas y art\u00edculos dise\u00f1ados para aportar comodidad y estilo en el d\u00eda a d\u00eda. Nuestra [&hellip;]\" \/>\n<meta property=\"og:url\" content=\"https:\/\/tiendamarta.com\/en\/\" \/>\n<meta property=\"og:site_name\" content=\"tiendamarta\" \/>\n<meta property=\"article:modified_time\" content=\"2025-12-01T10:32:38+00:00\" \/>\n<meta property=\"og:image\" content=\"https:\/\/tiendamarta.com\/wp-content\/uploads\/2025\/12\/IMG-20250921-WA0033-Marta-Menarguez-683x1024.jpg\" \/>\n<meta name=\"twitter:card\" content=\"summary_large_image\" \/>\n<meta name=\"twitter:label1\" content=\"Estimated reading time\" \/>\n\t<meta name=\"twitter:data1\" content=\"1 minute\" \/>\n<script type=\"application\/ld+json\" class=\"yoast-schema-graph\">{\"@context\":\"https:\\\/\\\/schema.org\",\"@graph\":[{\"@type\":\"WebPage\",\"@id\":\"https:\\\/\\\/tiendamarta.com\\\/\",\"url\":\"https:\\\/\\\/tiendamarta.com\\\/\",\"name\":\"Inicio - tiendamarta\",\"isPartOf\":{\"@id\":\"https:\\\/\\\/tiendamarta.com\\\/#website\"},\"primaryImageOfPage\":{\"@id\":\"https:\\\/\\\/tiendamarta.com\\\/#primaryimage\"},\"image\":{\"@id\":\"https:\\\/\\\/tiendamarta.com\\\/#primaryimage\"},\"thumbnailUrl\":\"https:\\\/\\\/tiendamarta.com\\\/wp-content\\\/uploads\\\/2025\\\/12\\\/IMG-20250921-WA0033-Marta-Menarguez-683x1024.jpg\",\"datePublished\":\"2025-12-01T08:41:56+00:00\",\"dateModified\":\"2025-12-01T10:32:38+00:00\",\"breadcrumb\":{\"@id\":\"https:\\\/\\\/tiendamarta.com\\\/#breadcrumb\"},\"inLanguage\":\"en-GB\",\"potentialAction\":[{\"@type\":\"ReadAction\",\"target\":[\"https:\\\/\\\/tiendamarta.com\\\/\"]}]},{\"@type\":\"ImageObject\",\"inLanguage\":\"en-GB\",\"@id\":\"https:\\\/\\\/tiendamarta.com\\\/#primaryimage\",\"url\":\"https:\\\/\\\/tiendamarta.com\\\/wp-content\\\/uploads\\\/2025\\\/12\\\/IMG-20250921-WA0033-Marta-Menarguez-683x1024.jpg\",\"contentUrl\":\"https:\\\/\\\/tiendamarta.com\\\/wp-content\\\/uploads\\\/2025\\\/12\\\/IMG-20250921-WA0033-Marta-Menarguez-683x1024.jpg\"},{\"@type\":\"BreadcrumbList\",\"@id\":\"https:\\\/\\\/tiendamarta.com\\\/#breadcrumb\",\"itemListElement\":[{\"@type\":\"ListItem\",\"position\":1,\"name\":\"Portada\",\"item\":\"https:\\\/\\\/tiendamarta.com\\\/\"},{\"@type\":\"ListItem\",\"position\":2,\"name\":\"Inicio\"}]},{\"@type\":\"WebSite\",\"@id\":\"https:\\\/\\\/tiendamarta.com\\\/#website\",\"url\":\"https:\\\/\\\/tiendamarta.com\\\/\",\"name\":\"tiendamarta\",\"description\":\"tienda de ropas\",\"publisher\":{\"@id\":\"https:\\\/\\\/tiendamarta.com\\\/#organization\"},\"potentialAction\":[{\"@type\":\"SearchAction\",\"target\":{\"@type\":\"EntryPoint\",\"urlTemplate\":\"https:\\\/\\\/tiendamarta.com\\\/?s={search_term_string}\"},\"query-input\":{\"@type\":\"PropertyValueSpecification\",\"valueRequired\":true,\"valueName\":\"search_term_string\"}}],\"inLanguage\":\"en-GB\"},{\"@type\":\"Organization\",\"@id\":\"https:\\\/\\\/tiendamarta.com\\\/#organization\",\"name\":\"tiendamarta\",\"url\":\"https:\\\/\\\/tiendamarta.com\\\/\",\"logo\":{\"@type\":\"ImageObject\",\"inLanguage\":\"en-GB\",\"@id\":\"https:\\\/\\\/tiendamarta.com\\\/#\\\/schema\\\/logo\\\/image\\\/\",\"url\":\"https:\\\/\\\/tiendamarta.com\\\/wp-content\\\/uploads\\\/2025\\\/12\\\/cropped-martaylolacb_logoarriba.jpg\",\"contentUrl\":\"https:\\\/\\\/tiendamarta.com\\\/wp-content\\\/uploads\\\/2025\\\/12\\\/cropped-martaylolacb_logoarriba.jpg\",\"width\":346,\"height\":99,\"caption\":\"tiendamarta\"},\"image\":{\"@id\":\"https:\\\/\\\/tiendamarta.com\\\/#\\\/schema\\\/logo\\\/image\\\/\"}}]}<\/script>\n<!-- \/ Yoast SEO plugin. -->","yoast_head_json":{"title":"Inicio - tiendamarta","robots":{"index":"index","follow":"follow","max-snippet":"max-snippet:-1","max-image-preview":"max-image-preview:large","max-video-preview":"max-video-preview:-1"},"canonical":"https:\/\/tiendamarta.com\/en\/","og_locale":"en_GB","og_type":"article","og_title":"Inicio - tiendamarta","og_description":"Moda y tradici\u00f3n para cada momento de tu vida. Sobre Nosotros: Somos una tienda especializada en moda y complementos de se\u00f1ora, con una amplia selecci\u00f3n de prendas de ba\u00f1o, ropa interior y trajes regionales. Adem\u00e1s, ofrecemos una cuidada colecci\u00f3n de pijamas y art\u00edculos dise\u00f1ados para aportar comodidad y estilo en el d\u00eda a d\u00eda. Nuestra [&hellip;]","og_url":"https:\/\/tiendamarta.com\/en\/","og_site_name":"tiendamarta","article_modified_time":"2025-12-01T10:32:38+00:00","og_image":[{"url":"https:\/\/tiendamarta.com\/wp-content\/uploads\/2025\/12\/IMG-20250921-WA0033-Marta-Menarguez-683x1024.jpg","type":"","width":"","height":""}],"twitter_card":"summary_large_image","twitter_misc":{"Estimated reading time":"1 minute"},"schema":{"@context":"https:\/\/schema.org","@graph":[{"@type":"WebPage","@id":"https:\/\/tiendamarta.com\/","url":"https:\/\/tiendamarta.com\/","name":"Inicio - tiendamarta","isPartOf":{"@id":"https:\/\/tiendamarta.com\/#website"},"primaryImageOfPage":{"@id":"https:\/\/tiendamarta.com\/#primaryimage"},"image":{"@id":"https:\/\/tiendamarta.com\/#primaryimage"},"thumbnailUrl":"https:\/\/tiendamarta.com\/wp-content\/uploads\/2025\/12\/IMG-20250921-WA0033-Marta-Menarguez-683x1024.jpg","datePublished":"2025-12-01T08:41:56+00:00","dateModified":"2025-12-01T10:32:38+00:00","breadcrumb":{"@id":"https:\/\/tiendamarta.com\/#breadcrumb"},"inLanguage":"en-GB","potentialAction":[{"@type":"ReadAction","target":["https:\/\/tiendamarta.com\/"]}]},{"@type":"ImageObject","inLanguage":"en-GB","@id":"https:\/\/tiendamarta.com\/#primaryimage","url":"https:\/\/tiendamarta.com\/wp-content\/uploads\/2025\/12\/IMG-20250921-WA0033-Marta-Menarguez-683x1024.jpg","contentUrl":"https:\/\/tiendamarta.com\/wp-content\/uploads\/2025\/12\/IMG-20250921-WA0033-Marta-Menarguez-683x1024.jpg"},{"@type":"BreadcrumbList","@id":"https:\/\/tiendamarta.com\/#breadcrumb","itemListElement":[{"@type":"ListItem","position":1,"name":"Portada","item":"https:\/\/tiendamarta.com\/"},{"@type":"ListItem","position":2,"name":"Inicio"}]},{"@type":"WebSite","@id":"https:\/\/tiendamarta.com\/#website","url":"https:\/\/tiendamarta.com\/","name":"tiendamarta","description":"tienda de ropas","publisher":{"@id":"https:\/\/tiendamarta.com\/#organization"},"potentialAction":[{"@type":"SearchAction","target":{"@type":"EntryPoint","urlTemplate":"https:\/\/tiendamarta.com\/?s={search_term_string}"},"query-input":{"@type":"PropertyValueSpecification","valueRequired":true,"valueName":"search_term_string"}}],"inLanguage":"en-GB"},{"@type":"Organization","@id":"https:\/\/tiendamarta.com\/#organization","name":"tiendamarta","url":"https:\/\/tiendamarta.com\/","logo":{"@type":"ImageObject","inLanguage":"en-GB","@id":"https:\/\/tiendamarta.com\/#\/schema\/logo\/image\/","url":"https:\/\/tiendamarta.com\/wp-content\/uploads\/2025\/12\/cropped-martaylolacb_logoarriba.jpg","contentUrl":"https:\/\/tiendamarta.com\/wp-content\/uploads\/2025\/12\/cropped-martaylolacb_logoarriba.jpg","width":346,"height":99,"caption":"tiendamarta"},"image":{"@id":"https:\/\/tiendamarta.com\/#\/schema\/logo\/image\/"}}]}},"_links":{"self":[{"href":"https:\/\/tiendamarta.com\/en\/wp-json\/wp\/v2\/pages\/10","targetHints":{"allow":["GET"]}}],"collection":[{"href":"https:\/\/tiendamarta.com\/en\/wp-json\/wp\/v2\/pages"}],"about":[{"href":"https:\/\/tiendamarta.com\/en\/wp-json\/wp\/v2\/types\/page"}],"author":[{"embeddable":true,"href":"https:\/\/tiendamarta.com\/en\/wp-json\/wp\/v2\/users\/1"}],"replies":[{"embeddable":true,"href":"https:\/\/tiendamarta.com\/en\/wp-json\/wp\/v2\/comments?post=10"}],"version-history":[{"count":34,"href":"https:\/\/tiendamarta.com\/en\/wp-json\/wp\/v2\/pages\/10\/revisions"}],"predecessor-version":[{"id":131,"href":"https:\/\/tiendamarta.com\/en\/wp-json\/wp\/v2\/pages\/10\/revisions\/131"}],"wp:attachment":[{"href":"https:\/\/tiendamarta.com\/en\/wp-json\/wp\/v2\/media?parent=10"}],"curies":[{"name":"wp","href":"https:\/\/api.w.org\/{rel}","templated":true}]}}